{"id":17075,"date":"2020-03-20T23:26:44","date_gmt":"2020-03-20T22:26:44","guid":{"rendered":"https:\/\/www.worldnewslist.com\/sitemap"},"modified":"2020-05-16T17:07:52","modified_gmt":"2020-05-16T15:07:52","slug":"seitenuebersicht","status":"publish","type":"page","link":"https:\/\/www.worldnewslist.com\/de\/seitenuebersicht","title":{"rendered":"Seiten\u00fcbersicht"},"content":{"rendered":"<p><strong><div class=\"wsp-container\"><h2 class=\"wsp-posts-title\">Beitr\u00e4ge nach Kategorie<\/h2>\n<ul class=\"wsp-posts-list\">\n\t<li><strong class=\"wsp-category-title\">Kategorie: <a href=\"https:\/\/www.worldnewslist.com\/de\/liste\/deutsch-lernen-online\">Deutsch lernen Online<\/a><\/strong>\n<ul class=\"wsp-posts-list\">\t\t<li class=\"wsp-post\"><a href=\"https:\/\/www.worldnewslist.com\/de\/deutsche-news-aus-deutschland-oesterreich-schweiz-deutsch-lernen\">Deutsche News aus Deutschland, \u00d6sterreich, Schweiz &#8211; Deutsch lernen<\/a><\/li>\n\t\t<li class=\"wsp-post\"><a href=\"https:\/\/www.worldnewslist.com\/de\/zeitschriften-aus-deutschland-schweiz-oesterreich-zeitschriften-abo\">Zeitschriften aus Deutschland, Schweiz, \u00d6sterreich &#8211; Zeitschriften Abo<\/a><\/li>\n<\/ul><\/li>\n\t<li><strong class=\"wsp-category-title\">Kategorie: <a href=\"https:\/\/www.worldnewslist.com\/de\/liste\/internationale-nachrichten\">Internationale Nachrichten<\/a><\/strong>\n<ul class=\"wsp-posts-list\">\t\t<li class=\"wsp-post\"><a href=\"https:\/\/www.worldnewslist.com\/de\/welt-nachrichten-nachrichtensender-nachrichtenagenturen\">Welt Nachrichten &#8211; Nachrichtensender, Nachrichtenagenturen<\/a><\/li>\n\t\t<li class=\"wsp-post\"><a href=\"https:\/\/www.worldnewslist.com\/de\/wirtschaftsnachrichten-finanzzeitungen-wirtschaftsmagazine\">Wirtschaftsnachrichten &#8211; Finanzzeitungen, Wirtschaftsmagazine<\/a><\/li>\n\t\t<li class=\"wsp-post\"><a href=\"https:\/\/www.worldnewslist.com\/de\/sportnachrichten-ergebnisse-sportkanaele-sportzeitungen\">Sportnachrichten &#8211; Ergebnisse, Sportkan\u00e4le, Sportzeitungen<\/a><\/li>\n\t\t<li class=\"wsp-post\"><a href=\"https:\/\/www.worldnewslist.com\/de\/europaeische-zeitungen-in-deutsch-englisch-franzoesisch-italienisch\">Europ\u00e4ische Zeitungen in Deutsch, Englisch, Franz\u00f6sisch, Italienisch<\/a><\/li>\n\t\t<li class=\"wsp-post\"><a href=\"https:\/\/www.worldnewslist.com\/de\/amerikanische-zeitungen-us-zeitungen-usa-nachrichten-seiten\">Amerikanische Zeitungen &#8211; US Zeitungen, USA Nachrichten Seiten<\/a><\/li>\n\t\t<li class=\"wsp-post\"><a href=\"https:\/\/www.worldnewslist.com\/de\/asiatische-zeitungen-japan-zeitungen-china-nachrichten-seiten\">Asiatische Zeitungen &#8211; Japan Zeitungen, China Nachrichten Seiten<\/a><\/li>\n\t\t<li class=\"wsp-post\"><a href=\"https:\/\/www.worldnewslist.com\/de\/afrikanische-zeitungen-aus-aegypten-suedafrika-nigeria-namibia\">Afrikanische Zeitungen aus \u00c4gypten, S\u00fcdafrika, Nigeria, Namibia<\/a><\/li>\n\t\t<li class=\"wsp-post\"><a href=\"https:\/\/www.worldnewslist.com\/de\/australische-zeitungen-australien-nachrichten-neuseeland-nachrichten\">Australische Zeitungen &#8211; Australien Nachrichten, Neuseeland Nachrichten<\/a><\/li>\n<\/ul><\/li>\n\t<li><strong class=\"wsp-category-title\">Kategorie: <a href=\"https:\/\/www.worldnewslist.com\/de\/liste\/nationale-nachrichten\">Nationale Nachrichten<\/a><\/strong>\n<ul class=\"wsp-posts-list\">\t\t<li class=\"wsp-post\"><a href=\"https:\/\/www.worldnewslist.com\/de\/deutsche-news-aus-deutschland-oesterreich-schweiz-deutsch-lernen\">Deutsche News aus Deutschland, \u00d6sterreich, Schweiz &#8211; Deutsch lernen<\/a><\/li>\n\t\t<li class=\"wsp-post\"><a href=\"https:\/\/www.worldnewslist.com\/de\/wirtschaftsnachrichten-finanzzeitungen-wirtschaftsmagazine\">Wirtschaftsnachrichten &#8211; Finanzzeitungen, Wirtschaftsmagazine<\/a><\/li>\n\t\t<li class=\"wsp-post\"><a href=\"https:\/\/www.worldnewslist.com\/de\/sportnachrichten-ergebnisse-sportkanaele-sportzeitungen\">Sportnachrichten &#8211; Ergebnisse, Sportkan\u00e4le, Sportzeitungen<\/a><\/li>\n<\/ul><\/li>\n\t<li><strong class=\"wsp-category-title\">Kategorie: <a href=\"https:\/\/www.worldnewslist.com\/de\/liste\/zeitschriften-zum-sprachen-lernen-magazine-in-verschiedenen-sprachen\">Zeitschriften zum Sprachen lernen<\/a><\/strong>\n<ul class=\"wsp-posts-list\">\t\t<li class=\"wsp-post\"><a href=\"https:\/\/www.worldnewslist.com\/de\/zeitschriften-aus-deutschland-schweiz-oesterreich-zeitschriften-abo\">Zeitschriften aus Deutschland, Schweiz, \u00d6sterreich &#8211; Zeitschriften Abo<\/a><\/li>\n\t\t<li class=\"wsp-post\"><a href=\"https:\/\/www.worldnewslist.com\/de\/englische-zeitschriften-aus-usa-gb-australien-zum-englisch-lernen\">Englische Zeitschriften aus USA, GB, Australien zum Englisch lernen<\/a><\/li>\n\t\t<li class=\"wsp-post\"><a href=\"https:\/\/www.worldnewslist.com\/de\/franzoesische-zeitschriften-aus-frankreich-belgien-zum-franzoesisch-lernen\">Franz\u00f6sische Zeitschriften aus Frankreich, Belgien zum Franz\u00f6sisch lernen<\/a><\/li>\n\t\t<li class=\"wsp-post\"><a href=\"https:\/\/www.worldnewslist.com\/de\/spanische-zeitschriften-aus-spanien-mexiko-chile-zum-spanisch-lernen\">Spanische Zeitschriften aus Spanien, Mexiko, Chile zum Spanisch lernen<\/a><\/li>\n\t\t<li class=\"wsp-post\"><a href=\"https:\/\/www.worldnewslist.com\/de\/portugiesische-zeitschriften-aus-brasilien-portugal-zum-portugiesisch-lernen\">Portugiesische Zeitschriften aus Brasilien, Portugal zum Portugiesisch lernen<\/a><\/li>\n\t\t<li class=\"wsp-post\"><a href=\"https:\/\/www.worldnewslist.com\/de\/italienische-zeitschriften-aus-italien-zum-italienisch-lernen-online\">Italienische Zeitschriften aus Italien zum Italienisch lernen Online<\/a><\/li>\n\t\t<li class=\"wsp-post\"><a href=\"https:\/\/www.worldnewslist.com\/de\/tuerkische-zeitschriften-aus-der-tuerkei-zum-tuerkisch-lernen-online\">T\u00fcrkische Zeitschriften aus der T\u00fcrkei zum T\u00fcrkisch lernen Online<\/a><\/li>\n\t\t<li class=\"wsp-post\"><a href=\"https:\/\/www.worldnewslist.com\/de\/niederlaendische-zeitschriften-aus-niederlande-zum-niederlaendisch-lernen\">Niederl\u00e4ndische Zeitschriften aus Niederlande zum Niederl\u00e4ndisch lernen<\/a><\/li>\n\t\t<li class=\"wsp-post\"><a href=\"https:\/\/www.worldnewslist.com\/de\/schwedische-zeitschriften-aus-schweden-zum-schwedisch-lernen-online\">Schwedische Zeitschriften aus Schweden zum Schwedisch lernen online<\/a><\/li>\n\t\t<li class=\"wsp-post\"><a href=\"https:\/\/www.worldnewslist.com\/de\/daenische-zeitschriften-aus-daenemark-norwegen-zum-daenisch-lernen\">D\u00e4nische Zeitschriften aus D\u00e4nemark, Norwegen zum D\u00e4nisch lernen<\/a><\/li>\n\t\t<li class=\"wsp-post\"><a href=\"https:\/\/www.worldnewslist.com\/de\/japanische-zeitschriften-aus-japan-zum-japanisch-lernen-online\">Japanische Zeitschriften aus Japan zum Japanisch lernen online<\/a><\/li>\n\t\t<li class=\"wsp-post\"><a href=\"https:\/\/www.worldnewslist.com\/de\/koreanische-zeitschriften-aus-suedkorea-zum-koreanisch-lernen-online\">Koreanische Zeitschriften aus S\u00fcdkorea zum Koreanisch lernen online<\/a><\/li>\n<\/ul><\/li>\n\t<li><strong class=\"wsp-category-title\">Kategorie: <a href=\"https:\/\/www.worldnewslist.com\/de\/liste\/welt-zeitungen\">Welt Zeitungen<\/a><\/strong>\n<ul class=\"wsp-posts-list\">\t\t<li class=\"wsp-post\"><a href=\"https:\/\/www.worldnewslist.com\/de\/europaeische-zeitungen-in-deutsch-englisch-franzoesisch-italienisch\">Europ\u00e4ische Zeitungen in Deutsch, Englisch, Franz\u00f6sisch, Italienisch<\/a><\/li>\n\t\t<li class=\"wsp-post\"><a href=\"https:\/\/www.worldnewslist.com\/de\/amerikanische-zeitungen-us-zeitungen-usa-nachrichten-seiten\">Amerikanische Zeitungen &#8211; US Zeitungen, USA Nachrichten Seiten<\/a><\/li>\n\t\t<li class=\"wsp-post\"><a href=\"https:\/\/www.worldnewslist.com\/de\/asiatische-zeitungen-japan-zeitungen-china-nachrichten-seiten\">Asiatische Zeitungen &#8211; Japan Zeitungen, China Nachrichten Seiten<\/a><\/li>\n\t\t<li class=\"wsp-post\"><a href=\"https:\/\/www.worldnewslist.com\/de\/afrikanische-zeitungen-aus-aegypten-suedafrika-nigeria-namibia\">Afrikanische Zeitungen aus \u00c4gypten, S\u00fcdafrika, Nigeria, Namibia<\/a><\/li>\n\t\t<li class=\"wsp-post\"><a href=\"https:\/\/www.worldnewslist.com\/de\/australische-zeitungen-australien-nachrichten-neuseeland-nachrichten\">Australische Zeitungen &#8211; Australien Nachrichten, Neuseeland Nachrichten<\/a><\/li>\n<\/ul><\/li>\n<\/ul>\n<\/div><\/strong><\/p>\n","protected":false},"excerpt":{"rendered":"","protected":false},"author":1,"featured_media":0,"parent":0,"menu_order":12,"comment_status":"closed","ping_status":"closed","template":"","meta":{"footnotes":""},"class_list":["post-17075","page","type-page","status-publish","hentry"],"yoast_head":"<!-- This site is optimized with the Yoast SEO plugin v26.8 - https:\/\/yoast.com\/product\/yoast-seo-wordpress\/ -->\n<title>Seiten\u00fcbersicht von WordNewsList<\/title>\n<meta name=\"description\" content=\"Sie k\u00f6nnen die Sitemap von WordNewsList erhalten. Es gibt Kategorien und Beitr\u00e4ge der World News List Website.\" \/>\n<meta name=\"robots\" content=\"index, follow, max-snippet:-1, max-image-preview:large, max-video-preview:-1\" \/>\n<link rel=\"canonical\" href=\"https:\/\/www.worldnewslist.com\/de\/seitenuebersicht\" \/>\n<script type=\"application\/ld+json\" class=\"yoast-schema-graph\">{\"@context\":\"https:\/\/schema.org\",\"@graph\":[{\"@type\":\"WebPage\",\"@id\":\"https:\/\/www.worldnewslist.com\/de\/seitenuebersicht\",\"url\":\"https:\/\/www.worldnewslist.com\/de\/seitenuebersicht\",\"name\":\"Seiten\u00fcbersicht von WordNewsList\",\"isPartOf\":{\"@id\":\"https:\/\/www.worldnewslist.com\/#website\"},\"datePublished\":\"2020-03-20T22:26:44+00:00\",\"dateModified\":\"2020-05-16T15:07:52+00:00\",\"description\":\"Sie k\u00f6nnen die Sitemap von WordNewsList erhalten. Es gibt Kategorien und Beitr\u00e4ge der World News List Website.\",\"breadcrumb\":{\"@id\":\"https:\/\/www.worldnewslist.com\/de\/seitenuebersicht#breadcrumb\"},\"inLanguage\":\"de\",\"potentialAction\":[{\"@type\":\"ReadAction\",\"target\":[\"https:\/\/www.worldnewslist.com\/de\/seitenuebersicht\"]}]},{\"@type\":\"BreadcrumbList\",\"@id\":\"https:\/\/www.worldnewslist.com\/de\/seitenuebersicht#breadcrumb\",\"itemListElement\":[{\"@type\":\"ListItem\",\"position\":1,\"name\":\"Home\",\"item\":\"https:\/\/www.worldnewslist.com\/de\"},{\"@type\":\"ListItem\",\"position\":2,\"name\":\"Seiten\u00fcbersicht\"}]},{\"@type\":\"WebSite\",\"@id\":\"https:\/\/www.worldnewslist.com\/#website\",\"url\":\"https:\/\/www.worldnewslist.com\/\",\"name\":\"WorldNewsList\",\"description\":\"World News List\",\"publisher\":{\"@id\":\"https:\/\/www.worldnewslist.com\/#organization\"},\"potentialAction\":[{\"@type\":\"SearchAction\",\"target\":{\"@type\":\"EntryPoint\",\"urlTemplate\":\"https:\/\/www.worldnewslist.com\/?s={search_term_string}\"},\"query-input\":{\"@type\":\"PropertyValueSpecification\",\"valueRequired\":true,\"valueName\":\"search_term_string\"}}],\"inLanguage\":\"de\"},{\"@type\":\"Organization\",\"@id\":\"https:\/\/www.worldnewslist.com\/#organization\",\"name\":\"WorldNewsList\",\"url\":\"https:\/\/www.worldnewslist.com\/\",\"logo\":{\"@type\":\"ImageObject\",\"inLanguage\":\"de\",\"@id\":\"https:\/\/www.worldnewslist.com\/#\/schema\/logo\/image\/\",\"url\":\"https:\/\/www.worldnewslist.com\/images\/world-news-list-logo.png\",\"contentUrl\":\"https:\/\/www.worldnewslist.com\/images\/world-news-list-logo.png\",\"width\":300,\"height\":34,\"caption\":\"WorldNewsList\"},\"image\":{\"@id\":\"https:\/\/www.worldnewslist.com\/#\/schema\/logo\/image\/\"},\"sameAs\":[\"https:\/\/www.facebook.com\/worldnewspapersmagazineslist\",\"https:\/\/x.com\/world_news_list\",\"https:\/\/www.instagram.com\/worldnewslist\/\",\"https:\/\/pinterest.com\/worldnewslist\/\",\"https:\/\/www.youtube.com\/channel\/UC6ecyiqxfhMpBT_JlCWenLA\"]}]}<\/script>\n<!-- \/ Yoast SEO plugin. -->","yoast_head_json":{"title":"Seiten\u00fcbersicht von WordNewsList","description":"Sie k\u00f6nnen die Sitemap von WordNewsList erhalten. Es gibt Kategorien und Beitr\u00e4ge der World News List Website.","robots":{"index":"index","follow":"follow","max-snippet":"max-snippet:-1","max-image-preview":"max-image-preview:large","max-video-preview":"max-video-preview:-1"},"canonical":"https:\/\/www.worldnewslist.com\/de\/seitenuebersicht","schema":{"@context":"https:\/\/schema.org","@graph":[{"@type":"WebPage","@id":"https:\/\/www.worldnewslist.com\/de\/seitenuebersicht","url":"https:\/\/www.worldnewslist.com\/de\/seitenuebersicht","name":"Seiten\u00fcbersicht von WordNewsList","isPartOf":{"@id":"https:\/\/www.worldnewslist.com\/#website"},"datePublished":"2020-03-20T22:26:44+00:00","dateModified":"2020-05-16T15:07:52+00:00","description":"Sie k\u00f6nnen die Sitemap von WordNewsList erhalten. Es gibt Kategorien und Beitr\u00e4ge der World News List Website.","breadcrumb":{"@id":"https:\/\/www.worldnewslist.com\/de\/seitenuebersicht#breadcrumb"},"inLanguage":"de","potentialAction":[{"@type":"ReadAction","target":["https:\/\/www.worldnewslist.com\/de\/seitenuebersicht"]}]},{"@type":"BreadcrumbList","@id":"https:\/\/www.worldnewslist.com\/de\/seitenuebersicht#breadcrumb","itemListElement":[{"@type":"ListItem","position":1,"name":"Home","item":"https:\/\/www.worldnewslist.com\/de"},{"@type":"ListItem","position":2,"name":"Seiten\u00fcbersicht"}]},{"@type":"WebSite","@id":"https:\/\/www.worldnewslist.com\/#website","url":"https:\/\/www.worldnewslist.com\/","name":"WorldNewsList","description":"World News List","publisher":{"@id":"https:\/\/www.worldnewslist.com\/#organization"},"potentialAction":[{"@type":"SearchAction","target":{"@type":"EntryPoint","urlTemplate":"https:\/\/www.worldnewslist.com\/?s={search_term_string}"},"query-input":{"@type":"PropertyValueSpecification","valueRequired":true,"valueName":"search_term_string"}}],"inLanguage":"de"},{"@type":"Organization","@id":"https:\/\/www.worldnewslist.com\/#organization","name":"WorldNewsList","url":"https:\/\/www.worldnewslist.com\/","logo":{"@type":"ImageObject","inLanguage":"de","@id":"https:\/\/www.worldnewslist.com\/#\/schema\/logo\/image\/","url":"https:\/\/www.worldnewslist.com\/images\/world-news-list-logo.png","contentUrl":"https:\/\/www.worldnewslist.com\/images\/world-news-list-logo.png","width":300,"height":34,"caption":"WorldNewsList"},"image":{"@id":"https:\/\/www.worldnewslist.com\/#\/schema\/logo\/image\/"},"sameAs":["https:\/\/www.facebook.com\/worldnewspapersmagazineslist","https:\/\/x.com\/world_news_list","https:\/\/www.instagram.com\/worldnewslist\/","https:\/\/pinterest.com\/worldnewslist\/","https:\/\/www.youtube.com\/channel\/UC6ecyiqxfhMpBT_JlCWenLA"]}]}},"_links":{"self":[{"href":"https:\/\/www.worldnewslist.com\/de\/wp-json\/wp\/v2\/pages\/17075","targetHints":{"allow":["GET"]}}],"collection":[{"href":"https:\/\/www.worldnewslist.com\/de\/wp-json\/wp\/v2\/pages"}],"about":[{"href":"https:\/\/www.worldnewslist.com\/de\/wp-json\/wp\/v2\/types\/page"}],"author":[{"embeddable":true,"href":"https:\/\/www.worldnewslist.com\/de\/wp-json\/wp\/v2\/users\/1"}],"replies":[{"embeddable":true,"href":"https:\/\/www.worldnewslist.com\/de\/wp-json\/wp\/v2\/comments?post=17075"}],"version-history":[{"count":0,"href":"https:\/\/www.worldnewslist.com\/de\/wp-json\/wp\/v2\/pages\/17075\/revisions"}],"wp:attachment":[{"href":"https:\/\/www.worldnewslist.com\/de\/wp-json\/wp\/v2\/media?parent=17075"}],"curies":[{"name":"wp","href":"https:\/\/api.w.org\/{rel}","templated":true}]}}