{"id":17088,"date":"2020-01-29T17:26:44","date_gmt":"2020-01-29T16:26:44","guid":{"rendered":"https:\/\/www.worldnewslist.com\/sitemap"},"modified":"2020-05-16T16:47:52","modified_gmt":"2020-05-16T14:47:52","slug":"mapa-do-site","status":"publish","type":"page","link":"https:\/\/www.worldnewslist.com\/pt-br\/mapa-do-site","title":{"rendered":"Mapa do Site"},"content":{"rendered":"<p><strong><div class=\"wsp-container\"><h2 class=\"wsp-posts-title\">Posts by category<\/h2>\n<ul class=\"wsp-posts-list\">\n\t<li><strong class=\"wsp-category-title\">Category: <a href=\"https:\/\/www.worldnewslist.com\/pt-br\/liste\/aprender-portugues-online\">Aprender portugu\u00e9s online<\/a><\/strong>\n<ul class=\"wsp-posts-list\">\t\t<li class=\"wsp-post\"><a href=\"https:\/\/www.worldnewslist.com\/pt-br\/noticias-portuguesas-do-brasil-portugal-aprender-portugues\">Not\u00edcias Portuguesas do Brasil, Portugal &#8211; Aprender portugu\u00e9s<\/a><\/li>\n\t\t<li class=\"wsp-post\"><a href=\"https:\/\/www.worldnewslist.com\/pt-br\/revistas-online-do-brasil-portugal-assinatura-de-revista\">Revistas online do Brasil, Portugal &#8211; Assinatura de revista<\/a><\/li>\n\t\t<li class=\"wsp-post\"><a href=\"https:\/\/www.worldnewslist.com\/pt-br\/jornais-da-america-jornais-do-brasil-sites-de-noticias-eua\">Jornais da Am\u00e9rica &#8211; Jornais do Brasil, sites de not\u00edcias EUA<\/a><\/li>\n<\/ul><\/li>\n\t<li><strong class=\"wsp-category-title\">Category: <a href=\"https:\/\/www.worldnewslist.com\/pt-br\/liste\/noticias-internacionais\">Not\u00edcias internacionais<\/a><\/strong>\n<ul class=\"wsp-posts-list\">\t\t<li class=\"wsp-post\"><a href=\"https:\/\/www.worldnewslist.com\/pt-br\/noticias-do-mundo-canais-de-noticias-revistas-de-politica\">Not\u00edcias do Mundo &#8211; Canais de not\u00edcias, revistas de pol\u00edtica<\/a><\/li>\n\t\t<li class=\"wsp-post\"><a href=\"https:\/\/www.worldnewslist.com\/pt-br\/noticias-do-esporte-placar-jornais-desportivos-sites-de-esportes\">Not\u00edcias do Esporte &#8211; Placar, jornais desportivos, sites de esportes<\/a><\/li>\n\t\t<li class=\"wsp-post\"><a href=\"https:\/\/www.worldnewslist.com\/pt-br\/noticias-economicas-jornais-de-economia-sites-de-financas\">Not\u00edcias Econ\u00f4micas &#8211; Jornais de economia, sites de finan\u00e7as<\/a><\/li>\n\t\t<li class=\"wsp-post\"><a href=\"https:\/\/www.worldnewslist.com\/pt-br\/jornais-da-america-jornais-do-brasil-sites-de-noticias-eua\">Jornais da Am\u00e9rica &#8211; Jornais do Brasil, sites de not\u00edcias EUA<\/a><\/li>\n\t\t<li class=\"wsp-post\"><a href=\"https:\/\/www.worldnewslist.com\/pt-br\/jornais-europeus-em-portugues-espanhol-ingles-frances-italiano\">Jornais Europeus em Portugu\u00eas, Espanhol, Ingl\u00eas, Franc\u00eas, Italiano<\/a><\/li>\n\t\t<li class=\"wsp-post\"><a href=\"https:\/\/www.worldnewslist.com\/pt-br\/jornais-asiaticos-jornais-do-japao-noticias-da-china-macau\">Jornais asi\u00e1ticos &#8211; Jornais do Jap\u00e3o, Not\u00edcias da China, Macau<\/a><\/li>\n\t\t<li class=\"wsp-post\"><a href=\"https:\/\/www.worldnewslist.com\/pt-br\/jornais-africanos-noticias-de-angola-noticias-de-mocambique\">Jornais Africanos &#8211; Not\u00edcias de Angola, Not\u00edcias de Mo\u00e7ambique<\/a><\/li>\n\t\t<li class=\"wsp-post\"><a href=\"https:\/\/www.worldnewslist.com\/pt-br\/jornais-australianos-noticias-da-australia-noticias-nova-zelandia\">Jornais australianos &#8211; Not\u00edcias da Austr\u00e1lia, not\u00edcias Nova Zel\u00e2ndia<\/a><\/li>\n<\/ul><\/li>\n\t<li><strong class=\"wsp-category-title\">Category: <a href=\"https:\/\/www.worldnewslist.com\/pt-br\/liste\/noticias-nacionais\">Not\u00edcias nacionais<\/a><\/strong>\n<ul class=\"wsp-posts-list\">\t\t<li class=\"wsp-post\"><a href=\"https:\/\/www.worldnewslist.com\/pt-br\/noticias-portuguesas-do-brasil-portugal-aprender-portugues\">Not\u00edcias Portuguesas do Brasil, Portugal &#8211; Aprender portugu\u00e9s<\/a><\/li>\n\t\t<li class=\"wsp-post\"><a href=\"https:\/\/www.worldnewslist.com\/pt-br\/noticias-do-esporte-placar-jornais-desportivos-sites-de-esportes\">Not\u00edcias do Esporte &#8211; Placar, jornais desportivos, sites de esportes<\/a><\/li>\n\t\t<li class=\"wsp-post\"><a href=\"https:\/\/www.worldnewslist.com\/pt-br\/noticias-economicas-jornais-de-economia-sites-de-financas\">Not\u00edcias Econ\u00f4micas &#8211; Jornais de economia, sites de finan\u00e7as<\/a><\/li>\n<\/ul><\/li>\n\t<li><strong class=\"wsp-category-title\">Category: <a href=\"https:\/\/www.worldnewslist.com\/pt-br\/liste\/jornais-do-mundo\">Jornais do mundo<\/a><\/strong>\n<ul class=\"wsp-posts-list\">\t\t<li class=\"wsp-post\"><a href=\"https:\/\/www.worldnewslist.com\/pt-br\/jornais-da-america-jornais-do-brasil-sites-de-noticias-eua\">Jornais da Am\u00e9rica &#8211; Jornais do Brasil, sites de not\u00edcias EUA<\/a><\/li>\n\t\t<li class=\"wsp-post\"><a href=\"https:\/\/www.worldnewslist.com\/pt-br\/jornais-europeus-em-portugues-espanhol-ingles-frances-italiano\">Jornais Europeus em Portugu\u00eas, Espanhol, Ingl\u00eas, Franc\u00eas, Italiano<\/a><\/li>\n\t\t<li class=\"wsp-post\"><a href=\"https:\/\/www.worldnewslist.com\/pt-br\/jornais-asiaticos-jornais-do-japao-noticias-da-china-macau\">Jornais asi\u00e1ticos &#8211; Jornais do Jap\u00e3o, Not\u00edcias da China, Macau<\/a><\/li>\n\t\t<li class=\"wsp-post\"><a href=\"https:\/\/www.worldnewslist.com\/pt-br\/jornais-africanos-noticias-de-angola-noticias-de-mocambique\">Jornais Africanos &#8211; Not\u00edcias de Angola, Not\u00edcias de Mo\u00e7ambique<\/a><\/li>\n\t\t<li class=\"wsp-post\"><a href=\"https:\/\/www.worldnewslist.com\/pt-br\/jornais-australianos-noticias-da-australia-noticias-nova-zelandia\">Jornais australianos &#8211; Not\u00edcias da Austr\u00e1lia, not\u00edcias Nova Zel\u00e2ndia<\/a><\/li>\n<\/ul><\/li>\n<\/ul>\n<\/div><\/strong><\/p>\n","protected":false},"excerpt":{"rendered":"","protected":false},"author":1,"featured_media":0,"parent":0,"menu_order":12,"comment_status":"closed","ping_status":"closed","template":"","meta":{"footnotes":""},"class_list":["post-17088","page","type-page","status-publish","hentry"],"yoast_head":"<!-- This site is optimized with the Yoast SEO plugin v26.8 - https:\/\/yoast.com\/product\/yoast-seo-wordpress\/ -->\n<title>Mapa do Site da WordNewsList<\/title>\n<meta name=\"description\" content=\"Voc\u00ea pode obter o sitemap do WordNewsList. Existem categorias e publica\u00e7\u00f5es do site World News List.\" \/>\n<meta name=\"robots\" content=\"index, follow, max-snippet:-1, max-image-preview:large, max-video-preview:-1\" \/>\n<link rel=\"canonical\" href=\"https:\/\/www.worldnewslist.com\/pt-br\/mapa-do-site\" \/>\n<script type=\"application\/ld+json\" class=\"yoast-schema-graph\">{\"@context\":\"https:\/\/schema.org\",\"@graph\":[{\"@type\":\"WebPage\",\"@id\":\"https:\/\/www.worldnewslist.com\/pt-br\/mapa-do-site\",\"url\":\"https:\/\/www.worldnewslist.com\/pt-br\/mapa-do-site\",\"name\":\"Mapa do Site da WordNewsList\",\"isPartOf\":{\"@id\":\"https:\/\/www.worldnewslist.com\/#website\"},\"datePublished\":\"2020-01-29T16:26:44+00:00\",\"dateModified\":\"2020-05-16T14:47:52+00:00\",\"description\":\"Voc\u00ea pode obter o sitemap do WordNewsList. Existem categorias e publica\u00e7\u00f5es do site World News List.\",\"breadcrumb\":{\"@id\":\"https:\/\/www.worldnewslist.com\/pt-br\/mapa-do-site#breadcrumb\"},\"inLanguage\":\"pt-BR\",\"potentialAction\":[{\"@type\":\"ReadAction\",\"target\":[\"https:\/\/www.worldnewslist.com\/pt-br\/mapa-do-site\"]}]},{\"@type\":\"BreadcrumbList\",\"@id\":\"https:\/\/www.worldnewslist.com\/pt-br\/mapa-do-site#breadcrumb\",\"itemListElement\":[{\"@type\":\"ListItem\",\"position\":1,\"name\":\"Home\",\"item\":\"https:\/\/www.worldnewslist.com\/pt-br\"},{\"@type\":\"ListItem\",\"position\":2,\"name\":\"Mapa do Site\"}]},{\"@type\":\"WebSite\",\"@id\":\"https:\/\/www.worldnewslist.com\/#website\",\"url\":\"https:\/\/www.worldnewslist.com\/\",\"name\":\"WorldNewsList\",\"description\":\"World News List\",\"publisher\":{\"@id\":\"https:\/\/www.worldnewslist.com\/#organization\"},\"potentialAction\":[{\"@type\":\"SearchAction\",\"target\":{\"@type\":\"EntryPoint\",\"urlTemplate\":\"https:\/\/www.worldnewslist.com\/?s={search_term_string}\"},\"query-input\":{\"@type\":\"PropertyValueSpecification\",\"valueRequired\":true,\"valueName\":\"search_term_string\"}}],\"inLanguage\":\"pt-BR\"},{\"@type\":\"Organization\",\"@id\":\"https:\/\/www.worldnewslist.com\/#organization\",\"name\":\"WorldNewsList\",\"url\":\"https:\/\/www.worldnewslist.com\/\",\"logo\":{\"@type\":\"ImageObject\",\"inLanguage\":\"pt-BR\",\"@id\":\"https:\/\/www.worldnewslist.com\/#\/schema\/logo\/image\/\",\"url\":\"https:\/\/www.worldnewslist.com\/images\/world-news-list-logo.png\",\"contentUrl\":\"https:\/\/www.worldnewslist.com\/images\/world-news-list-logo.png\",\"width\":300,\"height\":34,\"caption\":\"WorldNewsList\"},\"image\":{\"@id\":\"https:\/\/www.worldnewslist.com\/#\/schema\/logo\/image\/\"},\"sameAs\":[\"https:\/\/www.facebook.com\/worldnewspapersmagazineslist\",\"https:\/\/x.com\/world_news_list\",\"https:\/\/www.instagram.com\/worldnewslist\/\",\"https:\/\/pinterest.com\/worldnewslist\/\",\"https:\/\/www.youtube.com\/channel\/UC6ecyiqxfhMpBT_JlCWenLA\"]}]}<\/script>\n<!-- \/ Yoast SEO plugin. -->","yoast_head_json":{"title":"Mapa do Site da WordNewsList","description":"Voc\u00ea pode obter o sitemap do WordNewsList. Existem categorias e publica\u00e7\u00f5es do site World News List.","robots":{"index":"index","follow":"follow","max-snippet":"max-snippet:-1","max-image-preview":"max-image-preview:large","max-video-preview":"max-video-preview:-1"},"canonical":"https:\/\/www.worldnewslist.com\/pt-br\/mapa-do-site","schema":{"@context":"https:\/\/schema.org","@graph":[{"@type":"WebPage","@id":"https:\/\/www.worldnewslist.com\/pt-br\/mapa-do-site","url":"https:\/\/www.worldnewslist.com\/pt-br\/mapa-do-site","name":"Mapa do Site da WordNewsList","isPartOf":{"@id":"https:\/\/www.worldnewslist.com\/#website"},"datePublished":"2020-01-29T16:26:44+00:00","dateModified":"2020-05-16T14:47:52+00:00","description":"Voc\u00ea pode obter o sitemap do WordNewsList. Existem categorias e publica\u00e7\u00f5es do site World News List.","breadcrumb":{"@id":"https:\/\/www.worldnewslist.com\/pt-br\/mapa-do-site#breadcrumb"},"inLanguage":"pt-BR","potentialAction":[{"@type":"ReadAction","target":["https:\/\/www.worldnewslist.com\/pt-br\/mapa-do-site"]}]},{"@type":"BreadcrumbList","@id":"https:\/\/www.worldnewslist.com\/pt-br\/mapa-do-site#breadcrumb","itemListElement":[{"@type":"ListItem","position":1,"name":"Home","item":"https:\/\/www.worldnewslist.com\/pt-br"},{"@type":"ListItem","position":2,"name":"Mapa do Site"}]},{"@type":"WebSite","@id":"https:\/\/www.worldnewslist.com\/#website","url":"https:\/\/www.worldnewslist.com\/","name":"WorldNewsList","description":"World News List","publisher":{"@id":"https:\/\/www.worldnewslist.com\/#organization"},"potentialAction":[{"@type":"SearchAction","target":{"@type":"EntryPoint","urlTemplate":"https:\/\/www.worldnewslist.com\/?s={search_term_string}"},"query-input":{"@type":"PropertyValueSpecification","valueRequired":true,"valueName":"search_term_string"}}],"inLanguage":"pt-BR"},{"@type":"Organization","@id":"https:\/\/www.worldnewslist.com\/#organization","name":"WorldNewsList","url":"https:\/\/www.worldnewslist.com\/","logo":{"@type":"ImageObject","inLanguage":"pt-BR","@id":"https:\/\/www.worldnewslist.com\/#\/schema\/logo\/image\/","url":"https:\/\/www.worldnewslist.com\/images\/world-news-list-logo.png","contentUrl":"https:\/\/www.worldnewslist.com\/images\/world-news-list-logo.png","width":300,"height":34,"caption":"WorldNewsList"},"image":{"@id":"https:\/\/www.worldnewslist.com\/#\/schema\/logo\/image\/"},"sameAs":["https:\/\/www.facebook.com\/worldnewspapersmagazineslist","https:\/\/x.com\/world_news_list","https:\/\/www.instagram.com\/worldnewslist\/","https:\/\/pinterest.com\/worldnewslist\/","https:\/\/www.youtube.com\/channel\/UC6ecyiqxfhMpBT_JlCWenLA"]}]}},"_links":{"self":[{"href":"https:\/\/www.worldnewslist.com\/pt-br\/wp-json\/wp\/v2\/pages\/17088","targetHints":{"allow":["GET"]}}],"collection":[{"href":"https:\/\/www.worldnewslist.com\/pt-br\/wp-json\/wp\/v2\/pages"}],"about":[{"href":"https:\/\/www.worldnewslist.com\/pt-br\/wp-json\/wp\/v2\/types\/page"}],"author":[{"embeddable":true,"href":"https:\/\/www.worldnewslist.com\/pt-br\/wp-json\/wp\/v2\/users\/1"}],"replies":[{"embeddable":true,"href":"https:\/\/www.worldnewslist.com\/pt-br\/wp-json\/wp\/v2\/comments?post=17088"}],"version-history":[{"count":0,"href":"https:\/\/www.worldnewslist.com\/pt-br\/wp-json\/wp\/v2\/pages\/17088\/revisions"}],"wp:attachment":[{"href":"https:\/\/www.worldnewslist.com\/pt-br\/wp-json\/wp\/v2\/media?parent=17088"}],"curies":[{"name":"wp","href":"https:\/\/api.w.org\/{rel}","templated":true}]}}