{"id":17094,"date":"2020-01-19T23:26:44","date_gmt":"2020-01-19T22:26:44","guid":{"rendered":"https:\/\/www.worldnewslist.com\/sitemap"},"modified":"2020-05-16T16:48:54","modified_gmt":"2020-05-16T14:48:54","slug":"webbplatskarta","status":"publish","type":"page","link":"https:\/\/www.worldnewslist.com\/sv\/webbplatskarta","title":{"rendered":"Webbplatskarta"},"content":{"rendered":"<p><strong><div class=\"wsp-container\"><h2 class=\"wsp-posts-title\">Inl\u00e4gg per kategori<\/h2>\n<ul class=\"wsp-posts-list\">\n\t<li><strong class=\"wsp-category-title\">Category: <a href=\"https:\/\/www.worldnewslist.com\/sv\/liste\/lara-sig-svenska-online\">L\u00e4ra sig svenska online<\/a><\/strong>\n<ul class=\"wsp-posts-list\">\t\t<li class=\"wsp-post\"><a href=\"https:\/\/www.worldnewslist.com\/sv\/svenska-nyheter-fran-svenska-tidningar-nyhetssajter-lara-sig-svenska\">Svenska nyheter fr\u00e5n svenska tidningar, nyhetssajter &#8211; L\u00e4ra sig svenska<\/a><\/li>\n\t\t<li class=\"wsp-post\"><a href=\"https:\/\/www.worldnewslist.com\/sv\/tidskrifter-fran-sverige-i-svenska-tidskrift-prenumeration\">Tidskrifter fr\u00e5n Sverige i svenska &#8211; Tidskrift prenumeration<\/a><\/li>\n<\/ul><\/li>\n\t<li><strong class=\"wsp-category-title\">Category: <a href=\"https:\/\/www.worldnewslist.com\/sv\/liste\/utrikes-nyheter\">Utrikes nyheter<\/a><\/strong>\n<ul class=\"wsp-posts-list\">\t\t<li class=\"wsp-post\"><a href=\"https:\/\/www.worldnewslist.com\/sv\/varldsnyheter-nyhetskanaler-nyhetsbyraer-sandningar\">V\u00e4rldsnyheter &#8211; Nyhetskanaler, nyhetsbyr\u00e5er, s\u00e4ndningar<\/a><\/li>\n\t\t<li class=\"wsp-post\"><a href=\"https:\/\/www.worldnewslist.com\/sv\/ekonominyheter-ekonomi-tidningar-finans-tidskrifter\">Ekonominyheter &#8211; Ekonomi tidningar, finans tidskrifter<\/a><\/li>\n\t\t<li class=\"wsp-post\"><a href=\"https:\/\/www.worldnewslist.com\/sv\/sportnyheter-resultat-sportkanaler-sporttidningar\">Sportnyheter &#8211; Resultat, sportkanaler, sporttidningar<\/a><\/li>\n\t\t<li class=\"wsp-post\"><a href=\"https:\/\/www.worldnewslist.com\/sv\/europeiska-tidningar-pa-svenska-danska-norska-tyska-engelska\">Europeiska tidningar p\u00e5 svenska, danska, norska, tyska, engelska<\/a><\/li>\n\t\t<li class=\"wsp-post\"><a href=\"https:\/\/www.worldnewslist.com\/sv\/amerikanska-tidningar-usa-tidningar-kanada-nyhetskanaler\">Amerikanska tidningar &#8211; USA tidningar, Kanada nyhetskanaler<\/a><\/li>\n\t\t<li class=\"wsp-post\"><a href=\"https:\/\/www.worldnewslist.com\/sv\/asiatiska-tidningar-fran-japan-kina-indiska-israel-thailand-nyheter\">Asiatiska tidningar fr\u00e5n Japan, Kina, Indiska, Israel &#8211; Thailand nyheter<\/a><\/li>\n\t\t<li class=\"wsp-post\"><a href=\"https:\/\/www.worldnewslist.com\/sv\/afrika-nyheter-fran-egypten-sydafrika-marocko-somaliska-nyheter\">Afrika nyheter fr\u00e5n Egypten, Sydafrika, Marocko &#8211; Somaliska nyheter<\/a><\/li>\n\t\t<li class=\"wsp-post\"><a href=\"https:\/\/www.worldnewslist.com\/sv\/australiska-tidningar-australien-nyheter-nya-zeeland-nyheter\">Australiska tidningar &#8211; Australien nyheter, Nya Zeeland nyheter<\/a><\/li>\n<\/ul><\/li>\n\t<li><strong class=\"wsp-category-title\">Category: <a href=\"https:\/\/www.worldnewslist.com\/sv\/liste\/nationella-nyheter\">Nationella nyheter<\/a><\/strong>\n<ul class=\"wsp-posts-list\">\t\t<li class=\"wsp-post\"><a href=\"https:\/\/www.worldnewslist.com\/sv\/svenska-nyheter-fran-svenska-tidningar-nyhetssajter-lara-sig-svenska\">Svenska nyheter fr\u00e5n svenska tidningar, nyhetssajter &#8211; L\u00e4ra sig svenska<\/a><\/li>\n\t\t<li class=\"wsp-post\"><a href=\"https:\/\/www.worldnewslist.com\/sv\/ekonominyheter-ekonomi-tidningar-finans-tidskrifter\">Ekonominyheter &#8211; Ekonomi tidningar, finans tidskrifter<\/a><\/li>\n\t\t<li class=\"wsp-post\"><a href=\"https:\/\/www.worldnewslist.com\/sv\/sportnyheter-resultat-sportkanaler-sporttidningar\">Sportnyheter &#8211; Resultat, sportkanaler, sporttidningar<\/a><\/li>\n<\/ul><\/li>\n\t<li><strong class=\"wsp-category-title\">Category: <a href=\"https:\/\/www.worldnewslist.com\/sv\/liste\/utlandska-tidningar\">Utl\u00e4ndska tidningar<\/a><\/strong>\n<ul class=\"wsp-posts-list\">\t\t<li class=\"wsp-post\"><a href=\"https:\/\/www.worldnewslist.com\/sv\/europeiska-tidningar-pa-svenska-danska-norska-tyska-engelska\">Europeiska tidningar p\u00e5 svenska, danska, norska, tyska, engelska<\/a><\/li>\n\t\t<li class=\"wsp-post\"><a href=\"https:\/\/www.worldnewslist.com\/sv\/amerikanska-tidningar-usa-tidningar-kanada-nyhetskanaler\">Amerikanska tidningar &#8211; USA tidningar, Kanada nyhetskanaler<\/a><\/li>\n\t\t<li class=\"wsp-post\"><a href=\"https:\/\/www.worldnewslist.com\/sv\/asiatiska-tidningar-fran-japan-kina-indiska-israel-thailand-nyheter\">Asiatiska tidningar fr\u00e5n Japan, Kina, Indiska, Israel &#8211; Thailand nyheter<\/a><\/li>\n\t\t<li class=\"wsp-post\"><a href=\"https:\/\/www.worldnewslist.com\/sv\/afrika-nyheter-fran-egypten-sydafrika-marocko-somaliska-nyheter\">Afrika nyheter fr\u00e5n Egypten, Sydafrika, Marocko &#8211; Somaliska nyheter<\/a><\/li>\n\t\t<li class=\"wsp-post\"><a href=\"https:\/\/www.worldnewslist.com\/sv\/australiska-tidningar-australien-nyheter-nya-zeeland-nyheter\">Australiska tidningar &#8211; Australien nyheter, Nya Zeeland nyheter<\/a><\/li>\n<\/ul><\/li>\n<\/ul>\n<\/div><\/strong><\/p>\n","protected":false},"excerpt":{"rendered":"","protected":false},"author":1,"featured_media":0,"parent":0,"menu_order":12,"comment_status":"closed","ping_status":"closed","template":"","meta":{"footnotes":""},"class_list":["post-17094","page","type-page","status-publish","hentry"],"yoast_head":"<!-- This site is optimized with the Yoast SEO plugin v26.8 - https:\/\/yoast.com\/product\/yoast-seo-wordpress\/ -->\n<title>Webbplatskarta f\u00f6r WordNewsList<\/title>\n<meta name=\"description\" content=\"Du kan f\u00e5 Webbplatskarta f\u00f6r WordNewsList. Det finns kategorier och inl\u00e4gg p\u00e5 World News List webbplatsen.\" \/>\n<meta name=\"robots\" content=\"index, follow, max-snippet:-1, max-image-preview:large, max-video-preview:-1\" \/>\n<link rel=\"canonical\" href=\"https:\/\/www.worldnewslist.com\/sv\/webbplatskarta\" \/>\n<script type=\"application\/ld+json\" class=\"yoast-schema-graph\">{\"@context\":\"https:\/\/schema.org\",\"@graph\":[{\"@type\":\"WebPage\",\"@id\":\"https:\/\/www.worldnewslist.com\/sv\/webbplatskarta\",\"url\":\"https:\/\/www.worldnewslist.com\/sv\/webbplatskarta\",\"name\":\"Webbplatskarta f\u00f6r WordNewsList\",\"isPartOf\":{\"@id\":\"https:\/\/www.worldnewslist.com\/#website\"},\"datePublished\":\"2020-01-19T22:26:44+00:00\",\"dateModified\":\"2020-05-16T14:48:54+00:00\",\"description\":\"Du kan f\u00e5 Webbplatskarta f\u00f6r WordNewsList. Det finns kategorier och inl\u00e4gg p\u00e5 World News List webbplatsen.\",\"breadcrumb\":{\"@id\":\"https:\/\/www.worldnewslist.com\/sv\/webbplatskarta#breadcrumb\"},\"inLanguage\":\"sv-SE\",\"potentialAction\":[{\"@type\":\"ReadAction\",\"target\":[\"https:\/\/www.worldnewslist.com\/sv\/webbplatskarta\"]}]},{\"@type\":\"BreadcrumbList\",\"@id\":\"https:\/\/www.worldnewslist.com\/sv\/webbplatskarta#breadcrumb\",\"itemListElement\":[{\"@type\":\"ListItem\",\"position\":1,\"name\":\"Home\",\"item\":\"https:\/\/www.worldnewslist.com\/sv\"},{\"@type\":\"ListItem\",\"position\":2,\"name\":\"Webbplatskarta\"}]},{\"@type\":\"WebSite\",\"@id\":\"https:\/\/www.worldnewslist.com\/#website\",\"url\":\"https:\/\/www.worldnewslist.com\/\",\"name\":\"WorldNewsList\",\"description\":\"World News List\",\"publisher\":{\"@id\":\"https:\/\/www.worldnewslist.com\/#organization\"},\"potentialAction\":[{\"@type\":\"SearchAction\",\"target\":{\"@type\":\"EntryPoint\",\"urlTemplate\":\"https:\/\/www.worldnewslist.com\/?s={search_term_string}\"},\"query-input\":{\"@type\":\"PropertyValueSpecification\",\"valueRequired\":true,\"valueName\":\"search_term_string\"}}],\"inLanguage\":\"sv-SE\"},{\"@type\":\"Organization\",\"@id\":\"https:\/\/www.worldnewslist.com\/#organization\",\"name\":\"WorldNewsList\",\"url\":\"https:\/\/www.worldnewslist.com\/\",\"logo\":{\"@type\":\"ImageObject\",\"inLanguage\":\"sv-SE\",\"@id\":\"https:\/\/www.worldnewslist.com\/#\/schema\/logo\/image\/\",\"url\":\"https:\/\/www.worldnewslist.com\/images\/world-news-list-logo.png\",\"contentUrl\":\"https:\/\/www.worldnewslist.com\/images\/world-news-list-logo.png\",\"width\":300,\"height\":34,\"caption\":\"WorldNewsList\"},\"image\":{\"@id\":\"https:\/\/www.worldnewslist.com\/#\/schema\/logo\/image\/\"},\"sameAs\":[\"https:\/\/www.facebook.com\/worldnewspapersmagazineslist\",\"https:\/\/x.com\/world_news_list\",\"https:\/\/www.instagram.com\/worldnewslist\/\",\"https:\/\/pinterest.com\/worldnewslist\/\",\"https:\/\/www.youtube.com\/channel\/UC6ecyiqxfhMpBT_JlCWenLA\"]}]}<\/script>\n<!-- \/ Yoast SEO plugin. -->","yoast_head_json":{"title":"Webbplatskarta f\u00f6r WordNewsList","description":"Du kan f\u00e5 Webbplatskarta f\u00f6r WordNewsList. Det finns kategorier och inl\u00e4gg p\u00e5 World News List webbplatsen.","robots":{"index":"index","follow":"follow","max-snippet":"max-snippet:-1","max-image-preview":"max-image-preview:large","max-video-preview":"max-video-preview:-1"},"canonical":"https:\/\/www.worldnewslist.com\/sv\/webbplatskarta","schema":{"@context":"https:\/\/schema.org","@graph":[{"@type":"WebPage","@id":"https:\/\/www.worldnewslist.com\/sv\/webbplatskarta","url":"https:\/\/www.worldnewslist.com\/sv\/webbplatskarta","name":"Webbplatskarta f\u00f6r WordNewsList","isPartOf":{"@id":"https:\/\/www.worldnewslist.com\/#website"},"datePublished":"2020-01-19T22:26:44+00:00","dateModified":"2020-05-16T14:48:54+00:00","description":"Du kan f\u00e5 Webbplatskarta f\u00f6r WordNewsList. Det finns kategorier och inl\u00e4gg p\u00e5 World News List webbplatsen.","breadcrumb":{"@id":"https:\/\/www.worldnewslist.com\/sv\/webbplatskarta#breadcrumb"},"inLanguage":"sv-SE","potentialAction":[{"@type":"ReadAction","target":["https:\/\/www.worldnewslist.com\/sv\/webbplatskarta"]}]},{"@type":"BreadcrumbList","@id":"https:\/\/www.worldnewslist.com\/sv\/webbplatskarta#breadcrumb","itemListElement":[{"@type":"ListItem","position":1,"name":"Home","item":"https:\/\/www.worldnewslist.com\/sv"},{"@type":"ListItem","position":2,"name":"Webbplatskarta"}]},{"@type":"WebSite","@id":"https:\/\/www.worldnewslist.com\/#website","url":"https:\/\/www.worldnewslist.com\/","name":"WorldNewsList","description":"World News List","publisher":{"@id":"https:\/\/www.worldnewslist.com\/#organization"},"potentialAction":[{"@type":"SearchAction","target":{"@type":"EntryPoint","urlTemplate":"https:\/\/www.worldnewslist.com\/?s={search_term_string}"},"query-input":{"@type":"PropertyValueSpecification","valueRequired":true,"valueName":"search_term_string"}}],"inLanguage":"sv-SE"},{"@type":"Organization","@id":"https:\/\/www.worldnewslist.com\/#organization","name":"WorldNewsList","url":"https:\/\/www.worldnewslist.com\/","logo":{"@type":"ImageObject","inLanguage":"sv-SE","@id":"https:\/\/www.worldnewslist.com\/#\/schema\/logo\/image\/","url":"https:\/\/www.worldnewslist.com\/images\/world-news-list-logo.png","contentUrl":"https:\/\/www.worldnewslist.com\/images\/world-news-list-logo.png","width":300,"height":34,"caption":"WorldNewsList"},"image":{"@id":"https:\/\/www.worldnewslist.com\/#\/schema\/logo\/image\/"},"sameAs":["https:\/\/www.facebook.com\/worldnewspapersmagazineslist","https:\/\/x.com\/world_news_list","https:\/\/www.instagram.com\/worldnewslist\/","https:\/\/pinterest.com\/worldnewslist\/","https:\/\/www.youtube.com\/channel\/UC6ecyiqxfhMpBT_JlCWenLA"]}]}},"_links":{"self":[{"href":"https:\/\/www.worldnewslist.com\/sv\/wp-json\/wp\/v2\/pages\/17094","targetHints":{"allow":["GET"]}}],"collection":[{"href":"https:\/\/www.worldnewslist.com\/sv\/wp-json\/wp\/v2\/pages"}],"about":[{"href":"https:\/\/www.worldnewslist.com\/sv\/wp-json\/wp\/v2\/types\/page"}],"author":[{"embeddable":true,"href":"https:\/\/www.worldnewslist.com\/sv\/wp-json\/wp\/v2\/users\/1"}],"replies":[{"embeddable":true,"href":"https:\/\/www.worldnewslist.com\/sv\/wp-json\/wp\/v2\/comments?post=17094"}],"version-history":[{"count":0,"href":"https:\/\/www.worldnewslist.com\/sv\/wp-json\/wp\/v2\/pages\/17094\/revisions"}],"wp:attachment":[{"href":"https:\/\/www.worldnewslist.com\/sv\/wp-json\/wp\/v2\/media?parent=17094"}],"curies":[{"name":"wp","href":"https:\/\/api.w.org\/{rel}","templated":true}]}}